{"id":2415,"date":"2018-08-06T07:54:08","date_gmt":"2018-08-06T05:54:08","guid":{"rendered":"https:\/\/lamostradevalencia.com\/josep-anton-perez-giner-a-model-producer\/"},"modified":"2019-08-05T13:05:20","modified_gmt":"2019-08-05T11:05:20","slug":"josep-anton-perez-giner-a-model-producer","status":"publish","type":"page","link":"https:\/\/lamostradevalencia.com\/en\/2018-edition\/josep-anton-perez-giner-a-model-producer\/","title":{"rendered":"Josep Anton P\u00e9rez Giner, a model producer"},"content":{"rendered":"<div class=\"wpb-content-wrapper\"><p>[vc_row css=&#8221;.vc_custom_1538589155802{padding-top: 90px !important;padding-right: 40px !important;padding-left: 40px !important;}&#8221;][vc_column width=&#8221;1\/6&#8243;][\/vc_column][vc_column width=&#8221;2\/3&#8243;][vc_single_image image=&#8221;1313&#8243; img_size=&#8221;full&#8221; alignment=&#8221;center&#8221;][vc_column_text]<\/p>\n<h6 style=\"text-align: center;\">\u00a9 Jordi Play<\/h6>\n<p>[\/vc_column_text][\/vc_column][vc_column width=&#8221;1\/6&#8243;][\/vc_column][\/vc_row][vc_row css=&#8221;.vc_custom_1538488887581{padding-top: 50px !important;padding-right: 40px !important;padding-bottom: 90px !important;padding-left: 40px !important;}&#8221;][vc_column width=&#8221;1\/4&#8243;][\/vc_column][vc_column width=&#8221;1\/2&#8243;][vc_column_text]\n<span class=\"edgtf-dropcaps edgtf-normal\" style=\"color: #27ae60\">\n\t<span class=\"edgtf-dropcaps-inner\">\n\t\t&#8220;\t<\/span>\n<\/span>I was born in the city of Valencia on 28th September 1934. Until I was 17 years old, I lived in the Carmen neighbourhood, on Calle de Les Roques, in front of Torres de Serranos&#8221;.\u00a0 This is how Josep Anton P\u00e9rez Giner&#8217;s life story began<em>. La veritable historia de l\u2019Innombrable<\/em>, a biography written by Piti Espa\u00f1ol, reviews the career of a producer that, as the author explains &#8220;I cannot explain the history of Spanish cinema in the last fifty years without him\u201d.\u00a0 Josep Anton P\u00e9rez Giner, who passed away last April, started his career out as an assistant in the mid-fifties. Over the years, he then became a leading figure in the field of production in Spain.\u00a0 He was Ricardo Mu\u00f1oz Suay&#8217;s business partner in Profilmes, boosted the Spanish terror genre in the seventies, was a main player in the crucial changes in cinema throughout the Spanish Transition and sponsored several emerging filmmakers, to whom he gave their first opportunity. In his vast filmography, including over a hundred titles, we can highlight works alongside Glauber Rocha, Paul Leduc, Sergio Leone, Vicente Aranda, Eloy de la Iglesia, Joaqu\u00edm Jord\u00e0, Bigas Luna, Ridley Scott, Manuel Guti\u00e9rrez Arag\u00f3n, Ventura Pons and Joseph Losey, among others.[\/vc_column_text][\/vc_column][vc_column width=&#8221;1\/4&#8243;][\/vc_column][\/vc_row][vc_row css=&#8221;.vc_custom_1538486869251{padding-right: 40px !important;padding-left: 40px !important;}&#8221;][vc_column]<div class=\"edgtf-portfolio-list-holder edgtf-pl-masonry  edgtf-large-space edgtf-pl-three-columns edgtf-pl-standard-shader    edgtf-pl-pag-no-pagination     \"  data-type=masonry data-space-between-items=large data-number-of-items=-1 data-image-proportions=full data-enable-fixed-proportions=no data-enable-image-shadow=no data-category=jose-antonio-perez-giner-un-productor-modelo data-orderby=date data-order=ASC data-item-style=standard-shader data-enable-title=yes data-title-tag=h4 data-enable-category=yes data-enable-count-images=yes data-enable-excerpt=no data-excerpt-length=20 data-pagination-type=no-pagination data-filter=no data-filter-order-by=name data-enable-article-animation=no data-portfolio-slider-on=no data-enable-loop=yes data-enable-autoplay=yes data-slider-speed=5000 data-slider-speed-animation=600 data-enable-navigation=yes data-enable-pagination=yes data-max-num-pages=0 data-next-page=2>\n\t\t<div class=\"edgtf-pl-inner edgtf-outer-space clearfix\">\n\t\t<div class=\"edgtf-pl-grid-sizer\"><\/div>\n\t\t<div class=\"edgtf-pl-grid-gutter\"><\/div>\n\t\t<p class=\"edgtf-pl-not-found\">Coming soon.<\/p>\t<\/div>\n\t\n\t<\/div>[\/vc_column][\/vc_row]<\/p>\n<\/div>","protected":false},"excerpt":{"rendered":"<p>[vc_row css=&#8221;.vc_custom_1538589155802{padding-top: 90px !important;padding-right: 40px !important;padding-left: 40px !important;}&#8221;][vc_column width=&#8221;1\/6&#8243;][\/vc_column][vc_column width=&#8221;2\/3&#8243;][vc_single_image image=&#8221;1313&#8243; img_size=&#8221;full&#8221; alignment=&#8221;center&#8221;][vc_column_text] \u00a9 Jordi Play [\/vc_column_text][\/vc_column][vc_column width=&#8221;1\/6&#8243;][\/vc_column][\/vc_row][vc_row css=&#8221;.vc_custom_1538488887581{padding-top: 50px !important;padding-right: 40px !important;padding-bottom: 90px !important;padding-left: [&hellip;]<\/p>\n","protected":false},"author":1,"featured_media":0,"parent":2839,"menu_order":8,"comment_status":"closed","ping_status":"closed","template":"full-width.php","meta":{"_uag_custom_page_level_css":"","_jet_sm_ready_style":"","_jet_sm_style":"","_jet_sm_controls_values":"","_jet_sm_fonts_collection":"","_jet_sm_fonts_links":"","footnotes":""},"class_list":["post-2415","page","type-page","status-publish","hentry"],"yoast_head":"<!-- This site is optimized with the Yoast SEO plugin v27.4 - https:\/\/yoast.com\/product\/yoast-seo-wordpress\/ -->\n<title>Josep Anton P\u00e9rez Giner, a model producer - Mostra de Val\u00e8ncia<\/title>\n<meta name=\"robots\" content=\"index, follow, max-snippet:-1, max-image-preview:large, max-video-preview:-1\" \/>\n<link rel=\"canonical\" href=\"https:\/\/lamostradevalencia.com\/en\/2018-edition\/josep-anton-perez-giner-a-model-producer\/\" \/>\n<meta property=\"og:locale\" content=\"en_US\" \/>\n<meta property=\"og:type\" content=\"article\" \/>\n<meta property=\"og:title\" content=\"Josep Anton P\u00e9rez Giner, a model producer - Mostra de Val\u00e8ncia\" \/>\n<meta property=\"og:description\" content=\"[vc_row css=&#8221;.vc_custom_1538589155802{padding-top: 90px !important;padding-right: 40px !important;padding-left: 40px !important;}&#8221;][vc_column width=&#8221;1\/6&#8243;][\/vc_column][vc_column width=&#8221;2\/3&#8243;][vc_single_image image=&#8221;1313&#8243; img_size=&#8221;full&#8221; alignment=&#8221;center&#8221;][vc_column_text] \u00a9 Jordi Play [\/vc_column_text][\/vc_column][vc_column width=&#8221;1\/6&#8243;][\/vc_column][\/vc_row][vc_row css=&#8221;.vc_custom_1538488887581{padding-top: 50px !important;padding-right: 40px !important;padding-bottom: 90px !important;padding-left: [&hellip;]\" \/>\n<meta property=\"og:url\" content=\"https:\/\/lamostradevalencia.com\/en\/2018-edition\/josep-anton-perez-giner-a-model-producer\/\" \/>\n<meta property=\"og:site_name\" content=\"Mostra de Val\u00e8ncia\" \/>\n<meta property=\"article:modified_time\" content=\"2019-08-05T11:05:20+00:00\" \/>\n<meta name=\"twitter:card\" content=\"summary_large_image\" \/>\n<meta name=\"twitter:label1\" content=\"Est. reading time\" \/>\n\t<meta name=\"twitter:data1\" content=\"2 minutes\" \/>\n<script type=\"application\/ld+json\" class=\"yoast-schema-graph\">{\"@context\":\"https:\\\/\\\/schema.org\",\"@graph\":[{\"@type\":\"WebPage\",\"@id\":\"https:\\\/\\\/lamostradevalencia.com\\\/en\\\/2018-edition\\\/josep-anton-perez-giner-a-model-producer\\\/\",\"url\":\"https:\\\/\\\/lamostradevalencia.com\\\/en\\\/2018-edition\\\/josep-anton-perez-giner-a-model-producer\\\/\",\"name\":\"Josep Anton P\u00e9rez Giner, a model producer - Mostra de Val\u00e8ncia\",\"isPartOf\":{\"@id\":\"https:\\\/\\\/lamostradevalencia.com\\\/en\\\/#website\"},\"datePublished\":\"2018-08-06T05:54:08+00:00\",\"dateModified\":\"2019-08-05T11:05:20+00:00\",\"breadcrumb\":{\"@id\":\"https:\\\/\\\/lamostradevalencia.com\\\/en\\\/2018-edition\\\/josep-anton-perez-giner-a-model-producer\\\/#breadcrumb\"},\"inLanguage\":\"en-US\",\"potentialAction\":[{\"@type\":\"ReadAction\",\"target\":[\"https:\\\/\\\/lamostradevalencia.com\\\/en\\\/2018-edition\\\/josep-anton-perez-giner-a-model-producer\\\/\"]}]},{\"@type\":\"BreadcrumbList\",\"@id\":\"https:\\\/\\\/lamostradevalencia.com\\\/en\\\/2018-edition\\\/josep-anton-perez-giner-a-model-producer\\\/#breadcrumb\",\"itemListElement\":[{\"@type\":\"ListItem\",\"position\":1,\"name\":\"Portada\",\"item\":\"https:\\\/\\\/lamostradevalencia.com\\\/en\\\/\"},{\"@type\":\"ListItem\",\"position\":2,\"name\":\"2018 Edition\",\"item\":\"https:\\\/\\\/lamostradevalencia.com\\\/en\\\/edicion-2018\\\/\"},{\"@type\":\"ListItem\",\"position\":3,\"name\":\"Josep Anton P\u00e9rez Giner, a model producer\"}]},{\"@type\":\"WebSite\",\"@id\":\"https:\\\/\\\/lamostradevalencia.com\\\/en\\\/#website\",\"url\":\"https:\\\/\\\/lamostradevalencia.com\\\/en\\\/\",\"name\":\"Mostra de Val\u00e8ncia\",\"description\":\"Cinema del Mediterrani\",\"potentialAction\":[{\"@type\":\"SearchAction\",\"target\":{\"@type\":\"EntryPoint\",\"urlTemplate\":\"https:\\\/\\\/lamostradevalencia.com\\\/en\\\/?s={search_term_string}\"},\"query-input\":{\"@type\":\"PropertyValueSpecification\",\"valueRequired\":true,\"valueName\":\"search_term_string\"}}],\"inLanguage\":\"en-US\"}]}<\/script>\n<!-- \/ Yoast SEO plugin. -->","yoast_head_json":{"title":"Josep Anton P\u00e9rez Giner, a model producer - Mostra de Val\u00e8ncia","robots":{"index":"index","follow":"follow","max-snippet":"max-snippet:-1","max-image-preview":"max-image-preview:large","max-video-preview":"max-video-preview:-1"},"canonical":"https:\/\/lamostradevalencia.com\/en\/2018-edition\/josep-anton-perez-giner-a-model-producer\/","og_locale":"en_US","og_type":"article","og_title":"Josep Anton P\u00e9rez Giner, a model producer - Mostra de Val\u00e8ncia","og_description":"[vc_row css=&#8221;.vc_custom_1538589155802{padding-top: 90px !important;padding-right: 40px !important;padding-left: 40px !important;}&#8221;][vc_column width=&#8221;1\/6&#8243;][\/vc_column][vc_column width=&#8221;2\/3&#8243;][vc_single_image image=&#8221;1313&#8243; img_size=&#8221;full&#8221; alignment=&#8221;center&#8221;][vc_column_text] \u00a9 Jordi Play [\/vc_column_text][\/vc_column][vc_column width=&#8221;1\/6&#8243;][\/vc_column][\/vc_row][vc_row css=&#8221;.vc_custom_1538488887581{padding-top: 50px !important;padding-right: 40px !important;padding-bottom: 90px !important;padding-left: [&hellip;]","og_url":"https:\/\/lamostradevalencia.com\/en\/2018-edition\/josep-anton-perez-giner-a-model-producer\/","og_site_name":"Mostra de Val\u00e8ncia","article_modified_time":"2019-08-05T11:05:20+00:00","twitter_card":"summary_large_image","twitter_misc":{"Est. reading time":"2 minutes"},"schema":{"@context":"https:\/\/schema.org","@graph":[{"@type":"WebPage","@id":"https:\/\/lamostradevalencia.com\/en\/2018-edition\/josep-anton-perez-giner-a-model-producer\/","url":"https:\/\/lamostradevalencia.com\/en\/2018-edition\/josep-anton-perez-giner-a-model-producer\/","name":"Josep Anton P\u00e9rez Giner, a model producer - Mostra de Val\u00e8ncia","isPartOf":{"@id":"https:\/\/lamostradevalencia.com\/en\/#website"},"datePublished":"2018-08-06T05:54:08+00:00","dateModified":"2019-08-05T11:05:20+00:00","breadcrumb":{"@id":"https:\/\/lamostradevalencia.com\/en\/2018-edition\/josep-anton-perez-giner-a-model-producer\/#breadcrumb"},"inLanguage":"en-US","potentialAction":[{"@type":"ReadAction","target":["https:\/\/lamostradevalencia.com\/en\/2018-edition\/josep-anton-perez-giner-a-model-producer\/"]}]},{"@type":"BreadcrumbList","@id":"https:\/\/lamostradevalencia.com\/en\/2018-edition\/josep-anton-perez-giner-a-model-producer\/#breadcrumb","itemListElement":[{"@type":"ListItem","position":1,"name":"Portada","item":"https:\/\/lamostradevalencia.com\/en\/"},{"@type":"ListItem","position":2,"name":"2018 Edition","item":"https:\/\/lamostradevalencia.com\/en\/edicion-2018\/"},{"@type":"ListItem","position":3,"name":"Josep Anton P\u00e9rez Giner, a model producer"}]},{"@type":"WebSite","@id":"https:\/\/lamostradevalencia.com\/en\/#website","url":"https:\/\/lamostradevalencia.com\/en\/","name":"Mostra de Val\u00e8ncia","description":"Cinema del Mediterrani","potentialAction":[{"@type":"SearchAction","target":{"@type":"EntryPoint","urlTemplate":"https:\/\/lamostradevalencia.com\/en\/?s={search_term_string}"},"query-input":{"@type":"PropertyValueSpecification","valueRequired":true,"valueName":"search_term_string"}}],"inLanguage":"en-US"}]}},"uagb_featured_image_src":{"full":false,"thumbnail":false,"medium":false,"medium_large":false,"large":false,"1536x1536":false,"2048x2048":false,"cinerama_edge_image_square":false,"cinerama_edge_image_landscape":false,"cinerama_edge_image_portrait":false,"cinerama_edge_image_huge":false,"gform-image-choice-sm":false,"gform-image-choice-md":false,"gform-image-choice-lg":false},"uagb_author_info":{"display_name":"Mostra de Val\u00e8ncia","author_link":"https:\/\/lamostradevalencia.com\/en\/author\/mostravalencia\/"},"uagb_comment_info":0,"uagb_excerpt":"[vc_row css=&#8221;.vc_custom_1538589155802{padding-top: 90px !important;padding-right: 40px !important;padding-left: 40px !important;}&#8221;][vc_column width=&#8221;1\/6&#8243;][\/vc_column][vc_column width=&#8221;2\/3&#8243;][vc_single_image image=&#8221;1313&#8243; img_size=&#8221;full&#8221; alignment=&#8221;center&#8221;][vc_column_text] \u00a9 Jordi Play [\/vc_column_text][\/vc_column][vc_column width=&#8221;1\/6&#8243;][\/vc_column][\/vc_row][vc_row css=&#8221;.vc_custom_1538488887581{padding-top: 50px !important;padding-right: 40px !important;padding-bottom: 90px !important;padding-left: [&hellip;]","_links":{"self":[{"href":"https:\/\/lamostradevalencia.com\/en\/wp-json\/wp\/v2\/pages\/2415","targetHints":{"allow":["GET"]}}],"collection":[{"href":"https:\/\/lamostradevalencia.com\/en\/wp-json\/wp\/v2\/pages"}],"about":[{"href":"https:\/\/lamostradevalencia.com\/en\/wp-json\/wp\/v2\/types\/page"}],"author":[{"embeddable":true,"href":"https:\/\/lamostradevalencia.com\/en\/wp-json\/wp\/v2\/users\/1"}],"replies":[{"embeddable":true,"href":"https:\/\/lamostradevalencia.com\/en\/wp-json\/wp\/v2\/comments?post=2415"}],"version-history":[{"count":2,"href":"https:\/\/lamostradevalencia.com\/en\/wp-json\/wp\/v2\/pages\/2415\/revisions"}],"predecessor-version":[{"id":2417,"href":"https:\/\/lamostradevalencia.com\/en\/wp-json\/wp\/v2\/pages\/2415\/revisions\/2417"}],"up":[{"embeddable":true,"href":"https:\/\/lamostradevalencia.com\/en\/wp-json\/wp\/v2\/pages\/2839"}],"wp:attachment":[{"href":"https:\/\/lamostradevalencia.com\/en\/wp-json\/wp\/v2\/media?parent=2415"}],"curies":[{"name":"wp","href":"https:\/\/api.w.org\/{rel}","templated":true}]}}