{"id":13985,"date":"2022-08-19T13:19:58","date_gmt":"2022-08-19T11:19:58","guid":{"rendered":"https:\/\/lamostradevalencia.com\/?page_id=13985"},"modified":"2022-09-18T19:12:23","modified_gmt":"2022-09-18T17:12:23","slug":"other-activities","status":"publish","type":"page","link":"https:\/\/lamostradevalencia.com\/en\/edition-2022\/other-activities\/","title":{"rendered":"Other activities"},"content":{"rendered":"<div class=\"wpb-content-wrapper\"><p>[vc_row disable_element=&#8221;yes&#8221;][vc_column]<div class=\"templatera_shortcode\"><style type=\"text\/css\" data-type=\"vc_shortcodes-default-css\">.vc_do_custom_heading{margin-bottom:0.625rem;margin-top:0;}<\/style><style type=\"text\/css\" data-type=\"vc_shortcodes-custom-css\">.vc_custom_1600184094996{padding-top: 100px !important;padding-bottom: 100px !important;}<\/style><div class=\"vc_row wpb_row vc_row-fluid vc_custom_1600184094996\" ><div class=\"wpb_column vc_column_container vc_col-sm-12\"><div class=\"vc_column-inner\"><div class=\"wpb_wrapper\"><h2 style=\"text-align: center\" class=\"vc_custom_heading vc_do_custom_heading\" >Coming soon...<\/h2><\/div><\/div><\/div><\/div><\/div>[\/vc_column][\/vc_row][vc_row css=&#8221;.vc_custom_1663521140244{padding-top: 90px !important;padding-right: 40px !important;padding-bottom: 100px !important;padding-left: 40px !important;}&#8221;][vc_column]<div class=\"edgtf-portfolio-list-holder edgtf-pl-masonry  edgtf-large-space edgtf-pl-three-columns edgtf-pl-standard-shader    edgtf-pl-pag-no-pagination     \"  data-type=masonry data-number-of-columns=3 data-space-between-items=large data-number-of-items=-1 data-image-proportions=full data-enable-fixed-proportions=no data-enable-image-shadow=no data-category=other-activities-2022 data-orderby=date data-order=ASC data-item-style=standard-shader data-enable-title=yes data-title-tag=h4 data-enable-category=yes data-enable-count-images=yes data-enable-excerpt=no data-excerpt-length=20 data-pagination-type=no-pagination data-filter=no data-filter-order-by=name data-enable-article-animation=no data-portfolio-slider-on=no data-enable-loop=yes data-enable-autoplay=yes data-slider-speed=5000 data-slider-speed-animation=600 data-enable-navigation=yes data-enable-pagination=yes data-max-num-pages=0 data-next-page=2>\n\t\t<div class=\"edgtf-pl-inner edgtf-outer-space clearfix\">\n\t\t<div class=\"edgtf-pl-grid-sizer\"><\/div>\n\t\t<div class=\"edgtf-pl-grid-gutter\"><\/div>\n\t\t<article class=\"edgtf-pl-item edgtf-item-space edgtf-masonry-size-default post-15719 portfolio-item type-portfolio-item status-publish has-post-thumbnail hentry portfolio-category-actividades-paralelas-2022 portfolio-category-festival-2022 portfolio-tag-lucile-hadzihalilovic portfolio-tag-mostra-de-valencia\">\n\t<div class=\"edgtf-pl-item-inner\">\n\t\t<div class=\"edgtf-pli-image\">\n\t<img loading=\"lazy\" decoding=\"async\" width=\"1206\" height=\"1198\" src=\"https:\/\/lamostradevalencia.com\/wp-content\/uploads\/2022\/09\/FOTO-Lucile-hadzihalilovic.png\" class=\"attachment-full size-full wp-post-image\" alt=\"\" srcset=\"https:\/\/lamostradevalencia.com\/wp-content\/uploads\/2022\/09\/FOTO-Lucile-hadzihalilovic.png 1206w, https:\/\/lamostradevalencia.com\/wp-content\/uploads\/2022\/09\/FOTO-Lucile-hadzihalilovic-300x298.png 300w, https:\/\/lamostradevalencia.com\/wp-content\/uploads\/2022\/09\/FOTO-Lucile-hadzihalilovic-1024x1017.png 1024w, https:\/\/lamostradevalencia.com\/wp-content\/uploads\/2022\/09\/FOTO-Lucile-hadzihalilovic-150x150.png 150w, https:\/\/lamostradevalencia.com\/wp-content\/uploads\/2022\/09\/FOTO-Lucile-hadzihalilovic-768x763.png 768w\" sizes=\"auto, (max-width: 1206px) 100vw, 1206px\" \/><\/div>\n<div class=\"edgtf-pli-text-holder\" >\n\t<div class=\"edgtf-pli-text-wrapper\">\n\t\t<div class=\"edgtf-pli-text\">\n\t\t\t\t<h4 itemprop=\"name\" class=\"edgtf-pli-title entry-title\" >\n\t\tENCUENTRO CON LUCILE HADZIHALILOVIC\t<\/h4>\n\n\t\t\t\t\t<div class=\"edgtf-pli-category-holder\">\n\t\t\t\t\t\t\t<a itemprop=\"url\" class=\"edgtf-pli-category\" href=\"https:\/\/lamostradevalencia.com\/categoria-portfolio\/actividades-paralelas-2022\/\">Actividades paralelas 2022<\/a>\n\t\t\t\t\t\t\t<a itemprop=\"url\" class=\"edgtf-pli-category\" href=\"https:\/\/lamostradevalencia.com\/categoria-portfolio\/festival-2022\/\">Festival 2022<\/a>\n\t\t\t\t\t<\/div>\n\t\n\t\t\t\n\t\t\t\t\t<\/div>\n\t<\/div>\n<\/div>\n\t\t<a itemprop=\"url\" class=\"edgtf-pli-link edgtf-block-drag-link\" href=\"https:\/\/lamostradevalencia.com\/peliculas\/encuentro-con-lucile-hadzihaliloiv\/\" target=\"_self\"><\/a>\n\t<\/div>\n<\/article><article class=\"edgtf-pl-item edgtf-item-space edgtf-masonry-size-default post-15728 portfolio-item type-portfolio-item status-publish has-post-thumbnail hentry portfolio-category-actividades-paralelas-2022 portfolio-category-festival-2022 portfolio-tag-mostra-de-valencia\">\n\t<div class=\"edgtf-pl-item-inner\">\n\t\t<div class=\"edgtf-pli-image\">\n\t<img loading=\"lazy\" decoding=\"async\" width=\"873\" height=\"1280\" src=\"https:\/\/lamostradevalencia.com\/wp-content\/uploads\/2022\/09\/Portada_Guediguian_LaMostra_VLC.jpeg\" class=\"attachment-full size-full wp-post-image\" alt=\"\" srcset=\"https:\/\/lamostradevalencia.com\/wp-content\/uploads\/2022\/09\/Portada_Guediguian_LaMostra_VLC.jpeg 873w, https:\/\/lamostradevalencia.com\/wp-content\/uploads\/2022\/09\/Portada_Guediguian_LaMostra_VLC-205x300.jpeg 205w, https:\/\/lamostradevalencia.com\/wp-content\/uploads\/2022\/09\/Portada_Guediguian_LaMostra_VLC-698x1024.jpeg 698w, https:\/\/lamostradevalencia.com\/wp-content\/uploads\/2022\/09\/Portada_Guediguian_LaMostra_VLC-768x1126.jpeg 768w\" sizes=\"auto, (max-width: 873px) 100vw, 873px\" \/><\/div>\n<div class=\"edgtf-pli-text-holder\" >\n\t<div class=\"edgtf-pli-text-wrapper\">\n\t\t<div class=\"edgtf-pli-text\">\n\t\t\t\t<h4 itemprop=\"name\" class=\"edgtf-pli-title entry-title\" >\n\t\tPRESENTACI\u00d3N DEL LIBRO &#8220;ROBERT GU\u00c9DIGUIAN. LA GENT NO S&#8217;ADONA DEL PODER QUE T\u00c9&#8221;\t<\/h4>\n\n\t\t\t\t\t<div class=\"edgtf-pli-category-holder\">\n\t\t\t\t\t\t\t<a itemprop=\"url\" class=\"edgtf-pli-category\" href=\"https:\/\/lamostradevalencia.com\/categoria-portfolio\/actividades-paralelas-2022\/\">Actividades paralelas 2022<\/a>\n\t\t\t\t\t\t\t<a itemprop=\"url\" class=\"edgtf-pli-category\" href=\"https:\/\/lamostradevalencia.com\/categoria-portfolio\/festival-2022\/\">Festival 2022<\/a>\n\t\t\t\t\t<\/div>\n\t\n\t\t\t\n\t\t\t\t\t<\/div>\n\t<\/div>\n<\/div>\n\t\t<a itemprop=\"url\" class=\"edgtf-pli-link edgtf-block-drag-link\" href=\"https:\/\/lamostradevalencia.com\/peliculas\/presentacion-del-libro-robert-guediguian-la-gent-no-sadona-del-poder-que-te\/\" target=\"_self\"><\/a>\n\t<\/div>\n<\/article><article class=\"edgtf-pl-item edgtf-item-space edgtf-masonry-size-default post-16231 portfolio-item type-portfolio-item status-publish has-post-thumbnail hentry portfolio-category-festival-2022-en portfolio-category-other-activities-2022\">\n\t<div class=\"edgtf-pl-item-inner\">\n\t\t<div class=\"edgtf-pli-image\">\n\t<img loading=\"lazy\" decoding=\"async\" width=\"1733\" height=\"2560\" src=\"https:\/\/lamostradevalencia.com\/wp-content\/uploads\/2022\/09\/Isabelle-Huppert-scaled.jpg\" class=\"attachment-full size-full wp-post-image\" alt=\"\" srcset=\"https:\/\/lamostradevalencia.com\/wp-content\/uploads\/2022\/09\/Isabelle-Huppert-scaled.jpg 1733w, https:\/\/lamostradevalencia.com\/wp-content\/uploads\/2022\/09\/Isabelle-Huppert-203x300.jpg 203w, https:\/\/lamostradevalencia.com\/wp-content\/uploads\/2022\/09\/Isabelle-Huppert-693x1024.jpg 693w, https:\/\/lamostradevalencia.com\/wp-content\/uploads\/2022\/09\/Isabelle-Huppert-768x1134.jpg 768w, https:\/\/lamostradevalencia.com\/wp-content\/uploads\/2022\/09\/Isabelle-Huppert-1040x1536.jpg 1040w, https:\/\/lamostradevalencia.com\/wp-content\/uploads\/2022\/09\/Isabelle-Huppert-1387x2048.jpg 1387w\" sizes=\"auto, (max-width: 1733px) 100vw, 1733px\" \/><\/div>\n<div class=\"edgtf-pli-text-holder\" >\n\t<div class=\"edgtf-pli-text-wrapper\">\n\t\t<div class=\"edgtf-pli-text\">\n\t\t\t\t<h4 itemprop=\"name\" class=\"edgtf-pli-title entry-title\" >\n\t\tEXHIBITION &#8220;ARAB SPRING, TEN YEARS LATER&#8221;\t<\/h4>\n\n\t\t\t\t\t<div class=\"edgtf-pli-category-holder\">\n\t\t\t\t\t\t\t<a itemprop=\"url\" class=\"edgtf-pli-category\" href=\"https:\/\/lamostradevalencia.com\/en\/portfolio-category\/festival-2022-en\/\">Festival 2022<\/a>\n\t\t\t\t\t\t\t<a itemprop=\"url\" class=\"edgtf-pli-category\" href=\"https:\/\/lamostradevalencia.com\/en\/portfolio-category\/other-activities-2022\/\">Other Activities 2022<\/a>\n\t\t\t\t\t<\/div>\n\t\n\t\t\t\n\t\t\t\t\t<\/div>\n\t<\/div>\n<\/div>\n\t\t<a itemprop=\"url\" class=\"edgtf-pli-link edgtf-block-drag-link\" href=\"https:\/\/lamostradevalencia.com\/en\/peliculas\/exhibition-arab-spring-ten-years-later\/\" target=\"_self\"><\/a>\n\t<\/div>\n<\/article><article class=\"edgtf-pl-item edgtf-item-space edgtf-masonry-size-default post-16258 portfolio-item type-portfolio-item status-publish has-post-thumbnail hentry portfolio-category-actividades-paralelas-2022 portfolio-category-festival-2022 portfolio-tag-masterclass portfolio-tag-mostra-de-valencia portfolio-tag-robert-guediguian\">\n\t<div class=\"edgtf-pl-item-inner\">\n\t\t<div class=\"edgtf-pli-image\">\n\t<img loading=\"lazy\" decoding=\"async\" width=\"2560\" height=\"2097\" src=\"https:\/\/lamostradevalencia.com\/wp-content\/uploads\/2022\/09\/Robert-Gue\u0301diguian-c-Matteo-Severi-scaled.jpg\" class=\"attachment-full size-full wp-post-image\" alt=\"\" srcset=\"https:\/\/lamostradevalencia.com\/wp-content\/uploads\/2022\/09\/Robert-Gue\u0301diguian-c-Matteo-Severi-scaled.jpg 2560w, https:\/\/lamostradevalencia.com\/wp-content\/uploads\/2022\/09\/Robert-Gue\u0301diguian-c-Matteo-Severi-300x246.jpg 300w, https:\/\/lamostradevalencia.com\/wp-content\/uploads\/2022\/09\/Robert-Gue\u0301diguian-c-Matteo-Severi-1024x839.jpg 1024w, https:\/\/lamostradevalencia.com\/wp-content\/uploads\/2022\/09\/Robert-Gue\u0301diguian-c-Matteo-Severi-768x629.jpg 768w, https:\/\/lamostradevalencia.com\/wp-content\/uploads\/2022\/09\/Robert-Gue\u0301diguian-c-Matteo-Severi-1536x1258.jpg 1536w\" sizes=\"auto, (max-width: 2560px) 100vw, 2560px\" \/><\/div>\n<div class=\"edgtf-pli-text-holder\" >\n\t<div class=\"edgtf-pli-text-wrapper\">\n\t\t<div class=\"edgtf-pli-text\">\n\t\t\t\t<h4 itemprop=\"name\" class=\"edgtf-pli-title entry-title\" >\n\t\tMASTERCLASS DE ROBERT GU\u00c9DIGUIAN\t<\/h4>\n\n\t\t\t\t\t<div class=\"edgtf-pli-category-holder\">\n\t\t\t\t\t\t\t<a itemprop=\"url\" class=\"edgtf-pli-category\" href=\"https:\/\/lamostradevalencia.com\/categoria-portfolio\/actividades-paralelas-2022\/\">Actividades paralelas 2022<\/a>\n\t\t\t\t\t\t\t<a itemprop=\"url\" class=\"edgtf-pli-category\" href=\"https:\/\/lamostradevalencia.com\/categoria-portfolio\/festival-2022\/\">Festival 2022<\/a>\n\t\t\t\t\t<\/div>\n\t\n\t\t\t\n\t\t\t\t\t<\/div>\n\t<\/div>\n<\/div>\n\t\t<a itemprop=\"url\" class=\"edgtf-pli-link edgtf-block-drag-link\" href=\"https:\/\/lamostradevalencia.com\/peliculas\/masterclass-de-robert-guediguian\/\" target=\"_self\"><\/a>\n\t<\/div>\n<\/article><article class=\"edgtf-pl-item edgtf-item-space edgtf-masonry-size-default post-16746 portfolio-item type-portfolio-item status-publish has-post-thumbnail hentry portfolio-category-actividades-paralelas-2022 portfolio-category-festival-2022 portfolio-tag-cine-valenciano portfolio-tag-lluis-rivera-2 portfolio-tag-mostra-de-valencia portfolio-tag-quaderns-de-la-mostra\">\n\t<div class=\"edgtf-pl-item-inner\">\n\t\t<div class=\"edgtf-pli-image\">\n\t<img loading=\"lazy\" decoding=\"async\" width=\"2560\" height=\"1707\" src=\"https:\/\/lamostradevalencia.com\/wp-content\/uploads\/2022\/10\/Llui\u0301s-Rivera-scaled.jpg\" class=\"attachment-full size-full wp-post-image\" alt=\"\" srcset=\"https:\/\/lamostradevalencia.com\/wp-content\/uploads\/2022\/10\/Llui\u0301s-Rivera-scaled.jpg 2560w, https:\/\/lamostradevalencia.com\/wp-content\/uploads\/2022\/10\/Llui\u0301s-Rivera-300x200.jpg 300w, https:\/\/lamostradevalencia.com\/wp-content\/uploads\/2022\/10\/Llui\u0301s-Rivera-1024x683.jpg 1024w, https:\/\/lamostradevalencia.com\/wp-content\/uploads\/2022\/10\/Llui\u0301s-Rivera-768x512.jpg 768w, https:\/\/lamostradevalencia.com\/wp-content\/uploads\/2022\/10\/Llui\u0301s-Rivera-1536x1024.jpg 1536w\" sizes=\"auto, (max-width: 2560px) 100vw, 2560px\" \/><\/div>\n<div class=\"edgtf-pli-text-holder\" >\n\t<div class=\"edgtf-pli-text-wrapper\">\n\t\t<div class=\"edgtf-pli-text\">\n\t\t\t\t<h4 itemprop=\"name\" class=\"edgtf-pli-title entry-title\" >\n\t\tMESA REDONDA. EN TORNO A LLU\u00cdS RIVERA\t<\/h4>\n\n\t\t\t\t\t<div class=\"edgtf-pli-category-holder\">\n\t\t\t\t\t\t\t<a itemprop=\"url\" class=\"edgtf-pli-category\" href=\"https:\/\/lamostradevalencia.com\/categoria-portfolio\/actividades-paralelas-2022\/\">Actividades paralelas 2022<\/a>\n\t\t\t\t\t\t\t<a itemprop=\"url\" class=\"edgtf-pli-category\" href=\"https:\/\/lamostradevalencia.com\/categoria-portfolio\/festival-2022\/\">Festival 2022<\/a>\n\t\t\t\t\t<\/div>\n\t\n\t\t\t\n\t\t\t\t\t<\/div>\n\t<\/div>\n<\/div>\n\t\t<a itemprop=\"url\" class=\"edgtf-pli-link edgtf-block-drag-link\" href=\"https:\/\/lamostradevalencia.com\/peliculas\/mesa-redonda-en-torno-a-lluis-rivera\/\" target=\"_self\"><\/a>\n\t<\/div>\n<\/article><article class=\"edgtf-pl-item edgtf-item-space edgtf-masonry-size-default post-16786 portfolio-item type-portfolio-item status-publish has-post-thumbnail hentry portfolio-category-actividades-paralelas-2022 portfolio-category-festival-2022 portfolio-tag-ennio-morricone portfolio-tag-luis-ivars portfolio-tag-mikis-theodorakis portfolio-tag-mostra-de-valencia portfolio-tag-nino-rota portfolio-tag-vangelis\">\n\t<div class=\"edgtf-pl-item-inner\">\n\t\t<div class=\"edgtf-pli-image\">\n\t<img loading=\"lazy\" decoding=\"async\" width=\"2298\" height=\"1345\" src=\"https:\/\/lamostradevalencia.com\/wp-content\/uploads\/2022\/10\/Banda.jpg\" class=\"attachment-full size-full wp-post-image\" alt=\"\" srcset=\"https:\/\/lamostradevalencia.com\/wp-content\/uploads\/2022\/10\/Banda.jpg 2298w, https:\/\/lamostradevalencia.com\/wp-content\/uploads\/2022\/10\/Banda-300x176.jpg 300w, https:\/\/lamostradevalencia.com\/wp-content\/uploads\/2022\/10\/Banda-1024x599.jpg 1024w, https:\/\/lamostradevalencia.com\/wp-content\/uploads\/2022\/10\/Banda-768x450.jpg 768w, https:\/\/lamostradevalencia.com\/wp-content\/uploads\/2022\/10\/Banda-1536x899.jpg 1536w\" sizes=\"auto, (max-width: 2298px) 100vw, 2298px\" \/><\/div>\n<div class=\"edgtf-pli-text-holder\" >\n\t<div class=\"edgtf-pli-text-wrapper\">\n\t\t<div class=\"edgtf-pli-text\">\n\t\t\t\t<h4 itemprop=\"name\" class=\"edgtf-pli-title entry-title\" >\n\t\tCONCIERTO BANDA SINF\u00d3NICA MUNICIPAL DE VAL\u00c8NCIA\t<\/h4>\n\n\t\t\t\t\t<div class=\"edgtf-pli-category-holder\">\n\t\t\t\t\t\t\t<a itemprop=\"url\" class=\"edgtf-pli-category\" href=\"https:\/\/lamostradevalencia.com\/categoria-portfolio\/actividades-paralelas-2022\/\">Actividades paralelas 2022<\/a>\n\t\t\t\t\t\t\t<a itemprop=\"url\" class=\"edgtf-pli-category\" href=\"https:\/\/lamostradevalencia.com\/categoria-portfolio\/festival-2022\/\">Festival 2022<\/a>\n\t\t\t\t\t<\/div>\n\t\n\t\t\t\n\t\t\t\t\t<\/div>\n\t<\/div>\n<\/div>\n\t\t<a itemprop=\"url\" class=\"edgtf-pli-link edgtf-block-drag-link\" href=\"https:\/\/lamostradevalencia.com\/peliculas\/concierto-banda-sinfonica-municipal-de-valencia-2\/\" target=\"_self\"><\/a>\n\t<\/div>\n<\/article><article class=\"edgtf-pl-item edgtf-item-space edgtf-masonry-size-default post-16796 portfolio-item type-portfolio-item status-publish has-post-thumbnail hentry portfolio-category-actividades-paralelas-2022 portfolio-category-festival-2022 portfolio-tag-espai-mostra portfolio-tag-mostra-de-valencia\">\n\t<div class=\"edgtf-pl-item-inner\">\n\t\t<div class=\"edgtf-pli-image\">\n\t<img loading=\"lazy\" decoding=\"async\" width=\"1069\" height=\"641\" src=\"https:\/\/lamostradevalencia.com\/wp-content\/uploads\/2022\/10\/Espai-Mostra.jpg\" class=\"attachment-full size-full wp-post-image\" alt=\"\" srcset=\"https:\/\/lamostradevalencia.com\/wp-content\/uploads\/2022\/10\/Espai-Mostra.jpg 1069w, https:\/\/lamostradevalencia.com\/wp-content\/uploads\/2022\/10\/Espai-Mostra-300x180.jpg 300w, https:\/\/lamostradevalencia.com\/wp-content\/uploads\/2022\/10\/Espai-Mostra-1024x614.jpg 1024w, https:\/\/lamostradevalencia.com\/wp-content\/uploads\/2022\/10\/Espai-Mostra-768x461.jpg 768w\" sizes=\"auto, (max-width: 1069px) 100vw, 1069px\" \/><\/div>\n<div class=\"edgtf-pli-text-holder\" >\n\t<div class=\"edgtf-pli-text-wrapper\">\n\t\t<div class=\"edgtf-pli-text\">\n\t\t\t\t<h4 itemprop=\"name\" class=\"edgtf-pli-title entry-title\" >\n\t\tESPAI MOSTRA. PLA\u00c7A DE L&#8217;AJUNTAMENT\t<\/h4>\n\n\t\t\t\t\t<div class=\"edgtf-pli-category-holder\">\n\t\t\t\t\t\t\t<a itemprop=\"url\" class=\"edgtf-pli-category\" href=\"https:\/\/lamostradevalencia.com\/categoria-portfolio\/actividades-paralelas-2022\/\">Actividades paralelas 2022<\/a>\n\t\t\t\t\t\t\t<a itemprop=\"url\" class=\"edgtf-pli-category\" href=\"https:\/\/lamostradevalencia.com\/categoria-portfolio\/festival-2022\/\">Festival 2022<\/a>\n\t\t\t\t\t<\/div>\n\t\n\t\t\t\n\t\t\t\t\t<\/div>\n\t<\/div>\n<\/div>\n\t\t<a itemprop=\"url\" class=\"edgtf-pli-link edgtf-block-drag-link\" href=\"https:\/\/lamostradevalencia.com\/peliculas\/espai-mostra-placa-de-lajuntament\/\" target=\"_self\"><\/a>\n\t<\/div>\n<\/article>\t<\/div>\n\t\n\t<\/div>[\/vc_column][\/vc_row]<\/p>\n<\/div>","protected":false},"excerpt":{"rendered":"ESPAI MOSTRA. PLA\u00c7A DE L'AJUNTAMENT ACTIVIDADES PARALELAS ACTIVIDADES: -Viernes 21 octubre\u00a0 17h. Grabaci\u00f3 del programa de RNE De pel\u00edcula, con Yolanda Flores. -S\u00e1bado 22 octubre [...]","protected":false},"author":1,"featured_media":0,"parent":13890,"menu_order":11,"comment_status":"closed","ping_status":"closed","template":"full-width.php","meta":{"_uag_custom_page_level_css":"","_jet_sm_ready_style":"","_jet_sm_style":"","_jet_sm_controls_values":"","_jet_sm_fonts_collection":"","_jet_sm_fonts_links":"","footnotes":""},"class_list":["post-13985","page","type-page","status-publish","hentry"],"yoast_head":"<!-- This site is optimized with the Yoast SEO plugin v27.5 - https:\/\/yoast.com\/product\/yoast-seo-wordpress\/ -->\n<title>Other activities - Mostra de Val\u00e8ncia<\/title>\n<meta name=\"robots\" content=\"index, follow, max-snippet:-1, max-image-preview:large, max-video-preview:-1\" \/>\n<link rel=\"canonical\" href=\"https:\/\/lamostradevalencia.com\/en\/edition-2022\/other-activities\/\" \/>\n<meta property=\"og:locale\" content=\"en_US\" \/>\n<meta property=\"og:type\" content=\"article\" \/>\n<meta property=\"og:title\" content=\"Other activities - Mostra de Val\u00e8ncia\" \/>\n<meta property=\"og:url\" content=\"https:\/\/lamostradevalencia.com\/en\/edition-2022\/other-activities\/\" \/>\n<meta property=\"og:site_name\" content=\"Mostra de Val\u00e8ncia\" \/>\n<meta property=\"article:modified_time\" content=\"2022-09-18T17:12:23+00:00\" \/>\n<meta name=\"twitter:card\" content=\"summary_large_image\" \/>\n<script type=\"application\/ld+json\" class=\"yoast-schema-graph\">{\"@context\":\"https:\\\/\\\/schema.org\",\"@graph\":[{\"@type\":\"WebPage\",\"@id\":\"https:\\\/\\\/lamostradevalencia.com\\\/en\\\/edition-2022\\\/other-activities\\\/\",\"url\":\"https:\\\/\\\/lamostradevalencia.com\\\/en\\\/edition-2022\\\/other-activities\\\/\",\"name\":\"Other activities - Mostra de Val\u00e8ncia\",\"isPartOf\":{\"@id\":\"https:\\\/\\\/lamostradevalencia.com\\\/en\\\/#website\"},\"datePublished\":\"2022-08-19T11:19:58+00:00\",\"dateModified\":\"2022-09-18T17:12:23+00:00\",\"breadcrumb\":{\"@id\":\"https:\\\/\\\/lamostradevalencia.com\\\/en\\\/edition-2022\\\/other-activities\\\/#breadcrumb\"},\"inLanguage\":\"en-US\",\"potentialAction\":[{\"@type\":\"ReadAction\",\"target\":[\"https:\\\/\\\/lamostradevalencia.com\\\/en\\\/edition-2022\\\/other-activities\\\/\"]}]},{\"@type\":\"BreadcrumbList\",\"@id\":\"https:\\\/\\\/lamostradevalencia.com\\\/en\\\/edition-2022\\\/other-activities\\\/#breadcrumb\",\"itemListElement\":[{\"@type\":\"ListItem\",\"position\":1,\"name\":\"Portada\",\"item\":\"https:\\\/\\\/lamostradevalencia.com\\\/en\\\/\"},{\"@type\":\"ListItem\",\"position\":2,\"name\":\"2022 Edition\",\"item\":\"https:\\\/\\\/lamostradevalencia.com\\\/en\\\/edition-2022\\\/\"},{\"@type\":\"ListItem\",\"position\":3,\"name\":\"Other activities\"}]},{\"@type\":\"WebSite\",\"@id\":\"https:\\\/\\\/lamostradevalencia.com\\\/en\\\/#website\",\"url\":\"https:\\\/\\\/lamostradevalencia.com\\\/en\\\/\",\"name\":\"Mostra de Val\u00e8ncia\",\"description\":\"Cinema del Mediterrani\",\"potentialAction\":[{\"@type\":\"SearchAction\",\"target\":{\"@type\":\"EntryPoint\",\"urlTemplate\":\"https:\\\/\\\/lamostradevalencia.com\\\/en\\\/?s={search_term_string}\"},\"query-input\":{\"@type\":\"PropertyValueSpecification\",\"valueRequired\":true,\"valueName\":\"search_term_string\"}}],\"inLanguage\":\"en-US\"}]}<\/script>\n<!-- \/ Yoast SEO plugin. -->","yoast_head_json":{"title":"Other activities - Mostra de Val\u00e8ncia","robots":{"index":"index","follow":"follow","max-snippet":"max-snippet:-1","max-image-preview":"max-image-preview:large","max-video-preview":"max-video-preview:-1"},"canonical":"https:\/\/lamostradevalencia.com\/en\/edition-2022\/other-activities\/","og_locale":"en_US","og_type":"article","og_title":"Other activities - Mostra de Val\u00e8ncia","og_url":"https:\/\/lamostradevalencia.com\/en\/edition-2022\/other-activities\/","og_site_name":"Mostra de Val\u00e8ncia","article_modified_time":"2022-09-18T17:12:23+00:00","twitter_card":"summary_large_image","schema":{"@context":"https:\/\/schema.org","@graph":[{"@type":"WebPage","@id":"https:\/\/lamostradevalencia.com\/en\/edition-2022\/other-activities\/","url":"https:\/\/lamostradevalencia.com\/en\/edition-2022\/other-activities\/","name":"Other activities - Mostra de Val\u00e8ncia","isPartOf":{"@id":"https:\/\/lamostradevalencia.com\/en\/#website"},"datePublished":"2022-08-19T11:19:58+00:00","dateModified":"2022-09-18T17:12:23+00:00","breadcrumb":{"@id":"https:\/\/lamostradevalencia.com\/en\/edition-2022\/other-activities\/#breadcrumb"},"inLanguage":"en-US","potentialAction":[{"@type":"ReadAction","target":["https:\/\/lamostradevalencia.com\/en\/edition-2022\/other-activities\/"]}]},{"@type":"BreadcrumbList","@id":"https:\/\/lamostradevalencia.com\/en\/edition-2022\/other-activities\/#breadcrumb","itemListElement":[{"@type":"ListItem","position":1,"name":"Portada","item":"https:\/\/lamostradevalencia.com\/en\/"},{"@type":"ListItem","position":2,"name":"2022 Edition","item":"https:\/\/lamostradevalencia.com\/en\/edition-2022\/"},{"@type":"ListItem","position":3,"name":"Other activities"}]},{"@type":"WebSite","@id":"https:\/\/lamostradevalencia.com\/en\/#website","url":"https:\/\/lamostradevalencia.com\/en\/","name":"Mostra de Val\u00e8ncia","description":"Cinema del Mediterrani","potentialAction":[{"@type":"SearchAction","target":{"@type":"EntryPoint","urlTemplate":"https:\/\/lamostradevalencia.com\/en\/?s={search_term_string}"},"query-input":{"@type":"PropertyValueSpecification","valueRequired":true,"valueName":"search_term_string"}}],"inLanguage":"en-US"}]}},"uagb_featured_image_src":{"full":false,"thumbnail":false,"medium":false,"medium_large":false,"large":false,"1536x1536":false,"2048x2048":false,"cinerama_edge_image_square":false,"cinerama_edge_image_landscape":false,"cinerama_edge_image_portrait":false,"cinerama_edge_image_huge":false,"gform-image-choice-sm":false,"gform-image-choice-md":false,"gform-image-choice-lg":false},"uagb_author_info":{"display_name":"Mostra de Val\u00e8ncia","author_link":"https:\/\/lamostradevalencia.com\/en\/author\/mostravalencia\/"},"uagb_comment_info":0,"uagb_excerpt":null,"_links":{"self":[{"href":"https:\/\/lamostradevalencia.com\/en\/wp-json\/wp\/v2\/pages\/13985","targetHints":{"allow":["GET"]}}],"collection":[{"href":"https:\/\/lamostradevalencia.com\/en\/wp-json\/wp\/v2\/pages"}],"about":[{"href":"https:\/\/lamostradevalencia.com\/en\/wp-json\/wp\/v2\/types\/page"}],"author":[{"embeddable":true,"href":"https:\/\/lamostradevalencia.com\/en\/wp-json\/wp\/v2\/users\/1"}],"replies":[{"embeddable":true,"href":"https:\/\/lamostradevalencia.com\/en\/wp-json\/wp\/v2\/comments?post=13985"}],"version-history":[{"count":3,"href":"https:\/\/lamostradevalencia.com\/en\/wp-json\/wp\/v2\/pages\/13985\/revisions"}],"predecessor-version":[{"id":15229,"href":"https:\/\/lamostradevalencia.com\/en\/wp-json\/wp\/v2\/pages\/13985\/revisions\/15229"}],"up":[{"embeddable":true,"href":"https:\/\/lamostradevalencia.com\/en\/wp-json\/wp\/v2\/pages\/13890"}],"wp:attachment":[{"href":"https:\/\/lamostradevalencia.com\/en\/wp-json\/wp\/v2\/media?parent=13985"}],"curies":[{"name":"wp","href":"https:\/\/api.w.org\/{rel}","templated":true}]}}